{"id":2,"date":"2012-01-29T15:42:05","date_gmt":"2012-01-29T15:42:05","guid":{"rendered":"http:\/\/www.randabergskolen.no\/?page_id=2"},"modified":"2023-02-10T09:20:58","modified_gmt":"2023-02-10T08:20:58","slug":"testside","status":"publish","type":"page","link":"https:\/\/www.randabergskolen.no\/?page_id=2","title":{"rendered":"Randabergskolen (jobber med ting)"},"content":{"rendered":"\n<div class=\"wp-block-query is-layout-flow wp-block-query-is-layout-flow\"><\/div>\n\n\n\n<div class=\"wp-block-columns alignfull has-text-color has-background is-layout-flex wp-container-core-columns-is-layout-28f84493 wp-block-columns-is-layout-flex\" style=\"color:#000000;background-color:#ffffff\">\n<div class=\"wp-block-column is-layout-flow wp-block-column-is-layout-flow\">\n<h3 class=\"wp-block-heading\" style=\"font-size:24px;line-height:1.3\"><strong><a href=\"http:\/\/wordpress.org\">Virtuell omvisning \u2197<\/a><\/strong><\/h3>\n\n\n\n<p>F\u00e5 en virtuell omvisning p\u00e5 museet. Ideellt for skoler og arrangementer.<\/p>\n<\/div>\n\n\n\n<div class=\"wp-block-column is-layout-flow wp-block-column-is-layout-flow\">\n<h3 class=\"wp-block-heading\" style=\"font-size:24px;line-height:1.3\"><strong><a href=\"https:\/\/wordpress.org\">P\u00e5g\u00e5ende forestillinger \u2197<\/a><\/strong><\/h3>\n\n\n\n<p>Holde deg oppdatert og se v\u00e5re p\u00e5g\u00e5ende utstillinger her.<\/p>\n<\/div>\n\n\n\n<div class=\"wp-block-column is-layout-flow wp-block-column-is-layout-flow\">\n<h3 class=\"wp-block-heading\" style=\"font-size:24px;line-height:1.3\"><strong><a href=\"https:\/\/wordpress.org\">Nyttig info \u2197<\/a><\/strong><\/h3>\n\n\n\n<p>Finn v\u00e5re \u00e5pningstider, billettpriser og rabatter.<\/p>\n<\/div>\n<\/div>\n\n\n\n<div class=\"wp-block-columns alignwide is-layout-flex wp-container-core-columns-is-layout-28f84493 wp-block-columns-is-layout-flex\">\n<div class=\"wp-block-column has-text-color has-background has-link-color wp-elements-4947e59c76d1cffd3b44edf7141dbaa8 is-layout-flow wp-block-column-is-layout-flow\" style=\"color:#000000;background-color:#ffe97d;padding-top:2em;padding-right:2em;padding-bottom:2em;padding-left:2em\">\n<h2 class=\"wp-block-heading\" id=\"single\" style=\"font-size:40px\"><strong>Enkelt<\/strong><\/h2>\n\n\n\n<p class=\"has-normal-font-size\" style=\"line-height:1.5\"><strong>Berik v\u00e5rt voksende fellesskap.<\/strong> <\/p>\n\n\n\n<hr class=\"wp-block-separator has-text-color has-css-opacity has-background is-style-wide\" style=\"background-color:#000000;color:#000000\"\/>\n\n\n\n<ul class=\"wp-block-list\">\n<li>Inngangsbillett og medlemsrabatter for \u00e9n voksen<\/li>\n\n\n\n<li>\u00c9n gratisbillett pr. spesialutstilling<\/li>\n\n\n\n<li>To engangs-gjestekort pr. \u00e5r<\/li>\n<\/ul>\n\n\n\n<div class=\"wp-block-buttons alignfull is-horizontal is-content-justification-center is-layout-flex wp-container-core-buttons-is-layout-03627597 wp-block-buttons-is-layout-flex\">\n<div class=\"wp-block-button has-custom-width wp-block-button__width-100\"><a class=\"wp-block-button__link has-white-color has-text-color has-background no-border-radius wp-element-button\" style=\"background-color:#000000\">kr 110 \/ \u00e5r<\/a><\/div>\n<\/div>\n<\/div>\n\n\n\n<div class=\"wp-block-column has-text-color has-background has-link-color wp-elements-ee259004841188e72c264e7f930dcfdd is-layout-flow wp-block-column-is-layout-flow\" style=\"color:#000000;background-color:#d1d1e1;padding-top:2em;padding-right:2em;padding-bottom:2em;padding-left:2em\">\n<h2 class=\"wp-block-heading\" id=\"family\" style=\"font-size:40px\"><strong>Familie<\/strong><\/h2>\n\n\n\n<p class=\"has-normal-font-size\" style=\"line-height:1.5\"><strong>St\u00f8tt spesialutstillinger.<\/strong><\/p>\n\n\n\n<hr class=\"wp-block-separator has-css-opacity is-style-wide\"\/>\n\n\n\n<ul class=\"wp-block-list\">\n<li>Inngangsbillett og medlemsrabatter for to voksne<\/li>\n\n\n\n<li>Fire gratisbilletter pr. spesialutstilling<\/li>\n\n\n\n<li>Fire engangs-gjestekort pr. \u00e5r<\/li>\n<\/ul>\n\n\n\n<div class=\"wp-block-buttons alignfull is-horizontal is-content-justification-center is-layout-flex wp-container-core-buttons-is-layout-03627597 wp-block-buttons-is-layout-flex\">\n<div class=\"wp-block-button has-custom-width wp-block-button__width-100 is-style-fill\"><a class=\"wp-block-button__link has-white-color has-text-color has-background no-border-radius wp-element-button\" style=\"background-color:#000000\">kr 200 \/ \u00e5r<\/a><\/div>\n<\/div>\n<\/div>\n\n\n\n<div class=\"wp-block-column has-text-color has-background has-link-color wp-elements-5725494061f41e8e8661fdb32d0a4f30 is-layout-flow wp-block-column-is-layout-flow\" style=\"color:#000000;background-color:#c0ebf1;padding-top:2em;padding-right:2em;padding-bottom:2em;padding-left:2em\">\n<h2 class=\"wp-block-heading\" id=\"patron\" style=\"font-size:40px\"><strong>Skyts\u00adhelgen<\/strong><\/h2>\n\n\n\n<p class=\"has-normal-font-size\"><strong>Ta brukerst\u00f8tte til neste niv\u00e5.<\/strong><\/p>\n\n\n\n<hr class=\"wp-block-separator has-css-opacity is-style-wide\"\/>\n\n\n\n<ul class=\"wp-block-list\">\n<li>Inngangsbillett og medlemsrabatter for to voksne<\/li>\n\n\n\n<li>Fem gratisbilletter pr. spesialutstilling<\/li>\n\n\n\n<li>Seks engangs-gjestekort pr. \u00e5r<\/li>\n<\/ul>\n\n\n\n<div class=\"wp-block-buttons alignfull is-horizontal is-content-justification-center is-layout-flex wp-container-core-buttons-is-layout-03627597 wp-block-buttons-is-layout-flex\">\n<div class=\"wp-block-button has-custom-width wp-block-button__width-100\"><a class=\"wp-block-button__link has-white-color has-text-color has-background no-border-radius wp-element-button\" style=\"background-color:#000000\">kr 400 \/ \u00e5r<\/a><\/div>\n<\/div>\n<\/div>\n<\/div>\n","protected":false},"excerpt":{"rendered":"<p>Virtuell omvisning \u2197 F\u00e5 en virtuell omvisning p\u00e5 museet. Ideellt for skoler og arrangementer. P\u00e5g\u00e5ende forestillinger \u2197 Holde deg oppdatert og se v\u00e5re p\u00e5g\u00e5ende utstillinger her. Nyttig info \u2197 Finn v\u00e5re \u00e5pningstider, billettpriser og rabatter. Enkelt Berik v\u00e5rt voksende fellesskap. Familie St\u00f8tt spesialutstillinger. Skyts\u00adhelgen Ta brukerst\u00f8tte til neste niv\u00e5.<\/p>\n","protected":false},"author":1,"featured_media":0,"parent":0,"menu_order":0,"comment_status":"closed","ping_status":"closed","template":"template-frontpage.php","meta":{"footnotes":""},"class_list":["post-2","page","type-page","status-publish","hentry"],"_links":{"self":[{"href":"https:\/\/www.randabergskolen.no\/index.php?rest_route=\/wp\/v2\/pages\/2","targetHints":{"allow":["GET"]}}],"collection":[{"href":"https:\/\/www.randabergskolen.no\/index.php?rest_route=\/wp\/v2\/pages"}],"about":[{"href":"https:\/\/www.randabergskolen.no\/index.php?rest_route=\/wp\/v2\/types\/page"}],"author":[{"embeddable":true,"href":"https:\/\/www.randabergskolen.no\/index.php?rest_route=\/wp\/v2\/users\/1"}],"replies":[{"embeddable":true,"href":"https:\/\/www.randabergskolen.no\/index.php?rest_route=%2Fwp%2Fv2%2Fcomments&post=2"}],"version-history":[{"count":5,"href":"https:\/\/www.randabergskolen.no\/index.php?rest_route=\/wp\/v2\/pages\/2\/revisions"}],"predecessor-version":[{"id":235,"href":"https:\/\/www.randabergskolen.no\/index.php?rest_route=\/wp\/v2\/pages\/2\/revisions\/235"}],"wp:attachment":[{"href":"https:\/\/www.randabergskolen.no\/index.php?rest_route=%2Fwp%2Fv2%2Fmedia&parent=2"}],"curies":[{"name":"wp","href":"https:\/\/api.w.org\/{rel}","templated":true}]}}