{"id":8022,"date":"2013-09-20T09:03:59","date_gmt":"2013-09-20T07:03:59","guid":{"rendered":"http:\/\/www.harestadskole.no\/?page_id=8022"},"modified":"2017-12-11T12:14:33","modified_gmt":"2017-12-11T11:14:33","slug":"hjemmeopplaering","status":"publish","type":"page","link":"https:\/\/www.randabergskolen.no\/harestad\/?page_id=8022","title":{"rendered":"Hjemmeoppl\u00e6ring"},"content":{"rendered":"<p>Foresatte har muligheten til \u00e5 melde hjemmeoppl\u00e6ring for sitt barn. En aktuell problemstilling kan v\u00e6re dersom en s\u00f8ker permisjon uten \u00e5 f\u00e5 innvilget denne. Skolen kan ikke innvilge permisjon for mer enn inntil 10 skoledager pr. skole\u00e5r. Ut over dette m\u00e5 foresatte s\u00f8ke om hjemmeoppl\u00e6ring. \u00a0Krav for \u00e5 f\u00e5 innvilget dette er at det foreligger en konkret oppl\u00e6ringsplan som foresatte selv har ansvaret for \u00e5 utforme. L\u00e6rer kan kun sp\u00f8rres til r\u00e5ds i slike tilfeller.<\/p>\n<p><a href=\"https:\/\/docs.google.com\/document\/d\/1XRsp1EA-8zTgUD61yFxJbUOOTwI9h_VZ5GvUNp9DIU4\/edit?usp=sharing\" target=\"_blank\" rel=\"noopener\">Lenke til skjema<\/a><\/p>\n","protected":false},"excerpt":{"rendered":"<p>Foresatte har muligheten til \u00e5 melde hjemmeoppl\u00e6ring for sitt barn. En aktuell problemstilling kan v\u00e6re dersom en s\u00f8ker permisjon uten \u00e5 f\u00e5 innvilget denne. Skolen kan ikke innvilge permisjon for mer enn inntil 10 skoledager pr. skole\u00e5r. Ut over dette m\u00e5 foresatte s\u00f8ke om hjemmeoppl\u00e6ring. \u00a0Krav for \u00e5 f\u00e5 innvilget dette er at det foreligger [&hellip;]<\/p>\n","protected":false},"author":117,"featured_media":0,"parent":0,"menu_order":0,"comment_status":"closed","ping_status":"closed","template":"","meta":{"footnotes":""},"class_list":["post-8022","page","type-page","status-publish","hentry"],"_links":{"self":[{"href":"https:\/\/www.randabergskolen.no\/harestad\/index.php?rest_route=\/wp\/v2\/pages\/8022","targetHints":{"allow":["GET"]}}],"collection":[{"href":"https:\/\/www.randabergskolen.no\/harestad\/index.php?rest_route=\/wp\/v2\/pages"}],"about":[{"href":"https:\/\/www.randabergskolen.no\/harestad\/index.php?rest_route=\/wp\/v2\/types\/page"}],"author":[{"embeddable":true,"href":"https:\/\/www.randabergskolen.no\/harestad\/index.php?rest_route=\/wp\/v2\/users\/117"}],"replies":[{"embeddable":true,"href":"https:\/\/www.randabergskolen.no\/harestad\/index.php?rest_route=%2Fwp%2Fv2%2Fcomments&post=8022"}],"version-history":[{"count":1,"href":"https:\/\/www.randabergskolen.no\/harestad\/index.php?rest_route=\/wp\/v2\/pages\/8022\/revisions"}],"predecessor-version":[{"id":14524,"href":"https:\/\/www.randabergskolen.no\/harestad\/index.php?rest_route=\/wp\/v2\/pages\/8022\/revisions\/14524"}],"wp:attachment":[{"href":"https:\/\/www.randabergskolen.no\/harestad\/index.php?rest_route=%2Fwp%2Fv2%2Fmedia&parent=8022"}],"curies":[{"name":"wp","href":"https:\/\/api.w.org\/{rel}","templated":true}]}}