{"id":7913,"date":"2013-09-16T12:18:44","date_gmt":"2013-09-16T10:18:44","guid":{"rendered":"http:\/\/www.harestadskole.no\/?page_id=7913"},"modified":"2025-03-22T10:29:50","modified_gmt":"2025-03-22T09:29:50","slug":"elevpermisjon-2","status":"publish","type":"page","link":"https:\/\/www.randabergskolen.no\/harestad\/?page_id=7913","title":{"rendered":"S\u00f8knad om elevpermisjon"},"content":{"rendered":"\n<p>&nbsp;<\/p>\n\n\n\n<p>Harestad skole har forst\u00e5else for at foresatte kan anse det som \u00f8nskelig, og til tider n\u00f8dvendig, \u00e5 s\u00f8ke permisjon for sine barn fra pliktig oppl\u00e6ring i grunnskolen. HOL i Randaberg kommune har vedtatt disse retningslinjene for elevpermisjoner i Randabergskolen:<\/p>\n\n\n\n<ul class=\"wp-block-list\">\n<li>S\u00f8knad om fri for inntil en dag leveres og behandles av den enkelte kontaktl\u00e6rer.<\/li>\n\n\n\n<li>S\u00f8knader utover en dag behandles i samr\u00e5d mellom kontaktl\u00e6rer og rektor.<\/li>\n\n\n\n<li>Skolen kan ikke ta hensyn til hvorvidt ferie\/reise allerede er bestilt ved vurdering av permisjon.<\/li>\n\n\n\n<li>Det vil ikke bli gitt permisjon ut over ti skoledager per skole\u00e5r.<\/li>\n\n\n\n<li>I Randabergskolen skal det normalt ikke innvilges permisjon:\n<ul class=\"wp-block-list\">\n<li>I perioder med forberedelser til, og gjennomf\u00f8ring av\u2026\n<ul class=\"wp-block-list\">\n<li>kartleggingspr\u00f8ver<\/li>\n\n\n\n<li>nasjonale pr\u00f8ver\/unders\u00f8kelser<\/li>\n\n\n\n<li>heldagspr\u00f8ver<\/li>\n\n\n\n<li>eksamener &#8211; b\u00e5de sentrale og lokale<\/li>\n<\/ul>\n<\/li>\n<\/ul>\n<\/li>\n\n\n\n<li>Elevens frav\u00e6r blir dokumentert og arkivert fra skolestart i 1. klasse og ut 10. trinn.<\/li>\n<\/ul>\n\n\n\n<p>Ved \u00e5 fylle ut skjemaet for elevpermisjon bekrefter du \u00e5 ha lest og forst\u00e5tt retningslinjene for elevpermisjon i Randabergskolen.<\/p>\n\n\n\n<p>Du s\u00f8ker om permisjon via foreldresidene i Visma FLYT Skole &#8211; <a href=\"https:\/\/foresatt.visma.no\/randaberg\">https:\/\/foresatt.visma.no\/randaberg<\/a><\/p>\n\n\n\n<p><\/p>\n","protected":false},"excerpt":{"rendered":"<p>&nbsp; Harestad skole har forst\u00e5else for at foresatte kan anse det som \u00f8nskelig, og til tider n\u00f8dvendig, \u00e5 s\u00f8ke permisjon for sine barn fra pliktig oppl\u00e6ring i grunnskolen. HOL i Randaberg kommune har vedtatt disse retningslinjene for elevpermisjoner i Randabergskolen: Ved \u00e5 fylle ut skjemaet for elevpermisjon bekrefter du \u00e5 ha lest og forst\u00e5tt retningslinjene [&hellip;]<\/p>\n","protected":false},"author":117,"featured_media":0,"parent":0,"menu_order":0,"comment_status":"closed","ping_status":"closed","template":"","meta":{"footnotes":""},"class_list":["post-7913","page","type-page","status-publish","hentry"],"_links":{"self":[{"href":"https:\/\/www.randabergskolen.no\/harestad\/index.php?rest_route=\/wp\/v2\/pages\/7913","targetHints":{"allow":["GET"]}}],"collection":[{"href":"https:\/\/www.randabergskolen.no\/harestad\/index.php?rest_route=\/wp\/v2\/pages"}],"about":[{"href":"https:\/\/www.randabergskolen.no\/harestad\/index.php?rest_route=\/wp\/v2\/types\/page"}],"author":[{"embeddable":true,"href":"https:\/\/www.randabergskolen.no\/harestad\/index.php?rest_route=\/wp\/v2\/users\/117"}],"replies":[{"embeddable":true,"href":"https:\/\/www.randabergskolen.no\/harestad\/index.php?rest_route=%2Fwp%2Fv2%2Fcomments&post=7913"}],"version-history":[{"count":4,"href":"https:\/\/www.randabergskolen.no\/harestad\/index.php?rest_route=\/wp\/v2\/pages\/7913\/revisions"}],"predecessor-version":[{"id":18951,"href":"https:\/\/www.randabergskolen.no\/harestad\/index.php?rest_route=\/wp\/v2\/pages\/7913\/revisions\/18951"}],"wp:attachment":[{"href":"https:\/\/www.randabergskolen.no\/harestad\/index.php?rest_route=%2Fwp%2Fv2%2Fmedia&parent=7913"}],"curies":[{"name":"wp","href":"https:\/\/api.w.org\/{rel}","templated":true}]}}