{"id":58,"date":"2009-10-20T21:55:22","date_gmt":"2009-10-20T19:55:22","guid":{"rendered":"http:\/\/wp.harestadskole.no\/?page_id=58"},"modified":"2023-09-12T15:22:48","modified_gmt":"2023-09-12T13:22:48","slug":"om-harestad-skole","status":"publish","type":"page","link":"https:\/\/www.randabergskolen.no\/harestad\/?page_id=58","title":{"rendered":"Om Harestad skole"},"content":{"rendered":"\n<figure class=\"wp-block-table\"><table><tbody><tr><td><img loading=\"lazy\" decoding=\"async\" width=\"483\" height=\"272\" src=\"https:\/\/www.randabergskolen.no\/harestad\/wp-content\/uploads\/sites\/11\/2023\/09\/9fa88d7e-1074-450d-bc46-aa8510847f80.jpg\" alt=\"\"><\/td><td class=\"has-text-align-center\" data-align=\"center\"><img loading=\"lazy\" decoding=\"async\" width=\"481\" height=\"329\" src=\"https:\/\/www.randabergskolen.no\/harestad\/wp-content\/uploads\/sites\/11\/2023\/09\/HarestadSkole01_web-1-1024x701.jpg\" alt=\"\"><\/td><\/tr><tr><td>Torvmyrveien 7, Harestad skole 1. &#8211; 4. trinn, ATO og SFO.<\/td><td class=\"has-text-align-center\" data-align=\"center\">Harestad skole i Torvmyrveien 22, 5. &#8211; 10. trinn, ATO og administrasjon.<\/td><\/tr><\/tbody><\/table><\/figure>\n\n\n<p>Harestad skole er Rogalands st\u00f8rste grunnskole med ca. 622 elever. Skolen er en kombinert barne- og ungdomsskole, og best\u00e5r av 1.-10. trinn samt egen ATO avdeling (alternativt tilpasset oppl\u00e6ring), og en stor skolefritidsordning. Hver avdeling ledes av en inspekt\u00f8r eller en fagleder, som ogs\u00e5 er med i skolens styringsgruppe sammen med veiledere,sos.l\u00e6rere,ressursl\u00e6rere og skolens ledelse.<\/p>\n<p>Vi er 100 ansatte p\u00e5 Harestad skole, og sammensetningen best\u00e5r av b\u00e5de pedagoger, milj\u00f8terapeuter, milj\u00f8arbeidere, vernepleiere, samt bibliotekar, IT-ansvarlig og vaktmestertjeneste. Skolens\u00a0 ATO-avdeling er et tilbud for hele Randaberg kommune.De ansatte der har stor kompetanse og erfaring i tilrettelegging for elever med ekstra komplekse utfordringer.<\/p>\n<p>Harestad skole har som visjon &raquo; Sammen skaper vi mangfold og mestring, mening og mot &laquo;. Dette vet vi gj\u00f8res best med hovedfokus p\u00e5 de voksnes ansvar i \u00e5 skape gode relasjoner mellom elev-elev, voksen-elev, og i relasjonen skole-hjem. Vi er opptatt av at de voksne skal fremst\u00e5 som varme og tydelige voksne, og at skolen skal preges av et trygt og godt l\u00e6ringsmilj\u00f8. Vi er ogs\u00e5 opptatt av faglig utvikling og best mulig l\u00e6ringsresultater, men vel s\u00e5 viktig er skolens mandat knyttet til \u00e5 gi elevene v\u00e5re fremtidsh\u00e5p og tro p\u00e5 seg seg selv. Vi er godt forankret i et verdisyn som legger stor vekt p\u00e5 den Overordnede delen av l\u00e6replanen, den som omhandler danningen av det hele mennesket.Dette gj\u00f8res f\u00f8rst og fremst ved at skolens voksne skal fremst\u00e5 som gode rollemodeller som tenker b\u00e5de kortsiktig og langsiktig mestring for elevene. Vi jobber kontinuerlig med \u00e5 utvikle skolens vurderingspraksis,der vi blant annet har praktisert karakterfri underveisvurdering i mange av klassene p\u00e5 u-trinnet gjennom flere \u00e5r. Elevene f\u00e5r karakter ved semesteravslutning som loven krever. Skolens personale er dedikerte i utfordringen med \u00e5 gi hver enkelt elev en best mulig tilpasset oppl\u00e6ring. Harestad skole \u00f8nsker \u00e5 fremst\u00e5 som en transparent skole hvor vi har en lav terskel for \u00e5 be om hjelp fra v\u00e5re samarbeidspartnere i PPT,Barnevernstjenesten og Tverrfaglig team. Vi jobber ukentlig tett sammen med disse for \u00e5 kvalitetsikre elevenes skolehverdag og barndom.<\/p>\n<p>Mellomtrinn og ungdomstrinn holder til i det nye bygget ved Randaberg Arena. Sm\u00e5trinnene,ATO og SFO har hovedbase p\u00e5 det gamle bygget. Dette gj\u00f8r oss til en utradisjonell skole hvor det er ekstra viktig at vi har felles verdiforankring i arbeidet v\u00e5rt uavhengig av fysisk tilholdsted for personalet. Derfor har vi ofte og kollektivt fokus p\u00e5 elevsyn og menneskesyn i arbeidet v\u00e5rt.<\/p>\n<p>Medarbeiderunders\u00f8kelsene viser at trivselen blant personalet er h\u00f8y og vi har jevnlige sosiale treff for de ansatte.<\/p>\n<p>Foreldrenes medvirkning og medbestemmelse sikres i hovedsak gjennom FAU og skolens Samarbeidsutvalg.<\/p>\n<p>Ledelsen ved skolen best\u00e5r av :<\/p>\n<p>Eva Walde Lund (rektor)<\/p>\n<p>Gry Engelsvold (inpekt\u00f8r avd.2)<\/p>\n<p>Charlotte Worre ( inspekt\u00f8r avd.3 )<\/p>\n<p>Inger Aspelund ( leder SFO )<\/p>\n<p>Gro Bruland ( faglig leder ATO )<\/p>","protected":false},"excerpt":{"rendered":"<p>Torvmyrveien 7, Harestad skole 1. &#8211; 4. trinn, ATO og SFO. Harestad skole i Torvmyrveien 22, 5. &#8211; 10. trinn, ATO og administrasjon. Harestad skole er Rogalands st\u00f8rste grunnskole med ca. 622 elever. Skolen er en kombinert barne- og ungdomsskole, og best\u00e5r av 1.-10. trinn samt egen ATO avdeling (alternativt tilpasset oppl\u00e6ring), og en stor [&hellip;]<\/p>\n","protected":false},"author":117,"featured_media":0,"parent":0,"menu_order":0,"comment_status":"closed","ping_status":"closed","template":"","meta":{"footnotes":""},"class_list":["post-58","page","type-page","status-publish","hentry"],"_links":{"self":[{"href":"https:\/\/www.randabergskolen.no\/harestad\/index.php?rest_route=\/wp\/v2\/pages\/58","targetHints":{"allow":["GET"]}}],"collection":[{"href":"https:\/\/www.randabergskolen.no\/harestad\/index.php?rest_route=\/wp\/v2\/pages"}],"about":[{"href":"https:\/\/www.randabergskolen.no\/harestad\/index.php?rest_route=\/wp\/v2\/types\/page"}],"author":[{"embeddable":true,"href":"https:\/\/www.randabergskolen.no\/harestad\/index.php?rest_route=\/wp\/v2\/users\/117"}],"replies":[{"embeddable":true,"href":"https:\/\/www.randabergskolen.no\/harestad\/index.php?rest_route=%2Fwp%2Fv2%2Fcomments&post=58"}],"version-history":[{"count":14,"href":"https:\/\/www.randabergskolen.no\/harestad\/index.php?rest_route=\/wp\/v2\/pages\/58\/revisions"}],"predecessor-version":[{"id":18465,"href":"https:\/\/www.randabergskolen.no\/harestad\/index.php?rest_route=\/wp\/v2\/pages\/58\/revisions\/18465"}],"wp:attachment":[{"href":"https:\/\/www.randabergskolen.no\/harestad\/index.php?rest_route=%2Fwp%2Fv2%2Fmedia&parent=58"}],"curies":[{"name":"wp","href":"https:\/\/api.w.org\/{rel}","templated":true}]}}