{"id":2017,"date":"2010-12-15T09:38:08","date_gmt":"2010-12-15T07:38:08","guid":{"rendered":"http:\/\/www.harestadskole.no\/?page_id=2017"},"modified":"2020-10-22T14:24:16","modified_gmt":"2020-10-22T12:24:16","slug":"skolehelsetjenesten","status":"publish","type":"page","link":"https:\/\/www.randabergskolen.no\/harestad\/?page_id=2017","title":{"rendered":"Skolehelsetjenesten"},"content":{"rendered":"<p>Helsesykepleier er p\u00e5 Harestad skole til f\u00f8lgende tider:<\/p>\n<table style=\"height: 372px;width: 699px\" border=\"0\" width=\"699\" cellspacing=\"0\" cellpadding=\"0\">\n<tbody>\n<tr style=\"height: 23px\">\n<td style=\"height: 23px\"><em>1.-2. trinn<\/em><\/td>\n<td style=\"height: 23px\">Mandag<\/td>\n<td style=\"height: 23px\">08:30 &#8211; 15:00<\/td>\n<\/tr>\n<tr style=\"height: 23px\">\n<td style=\"height: 23px\"><\/td>\n<td style=\"height: 23px\">Tirsdag<\/td>\n<td style=\"height: 23px\">08:30 &#8211; 15:00<\/td>\n<\/tr>\n<tr style=\"height: 23px\">\n<td style=\"height: 23px\">3.-4. trinn<\/td>\n<td style=\"height: 23px\">Onsdag<\/td>\n<td style=\"height: 23px\">08:30 &#8211; 15:00<\/td>\n<\/tr>\n<tr style=\"height: 23px\">\n<td style=\"height: 23px\"><\/td>\n<td style=\"height: 23px\">Torsdag<\/td>\n<td style=\"height: 23px\">08:30 &#8211; 15:00<\/td>\n<\/tr>\n<tr style=\"height: 23px\">\n<td style=\"height: 23px\"><\/td>\n<td style=\"height: 23px\"><\/td>\n<td style=\"height: 23px\"><\/td>\n<\/tr>\n<tr style=\"height: 23px\">\n<td style=\"height: 23px\">5. &#8211; 10. trinn<\/td>\n<td style=\"height: 23px\">Mandag<\/td>\n<td style=\"height: 23px\">08.30 &#8211; 15:00<\/td>\n<\/tr>\n<tr style=\"height: 23px\">\n<td style=\"height: 23px\"><\/td>\n<td style=\"height: 23px\">Tirsdag<\/td>\n<td style=\"height: 23px\">08:30 &#8211; 15:00<\/td>\n<\/tr>\n<tr style=\"height: 23px\">\n<td style=\"height: 23px\"><\/td>\n<td style=\"height: 23px\">Onsdag<\/td>\n<td style=\"height: 23px\">08:30 &#8211; 15:00<\/td>\n<\/tr>\n<tr style=\"height: 23px\">\n<td style=\"height: 23px\"><\/td>\n<td style=\"height: 23px\">Torsdag<\/td>\n<td style=\"height: 23px\">08:30 &#8211; 15:00<\/td>\n<\/tr>\n<\/tbody>\n<\/table>\n<p>Noen mandager blir brukt til m\u00f8ter, s\u00e5 helsesykepleier er ikke alltid tilstede hele mandagen.<\/p>\n<table style=\"height: 151px;width: 605px\" border=\"0\" cellspacing=\"0\" cellpadding=\"0\">\n<tbody>\n<tr>\n<td style=\"width: 236px\"><em>Helsesykepleier 1.-2. trinn<\/em><\/td>\n<td style=\"width: 361px\">astrid.haraldseid@randaberg.kommune.no<br \/>\nKontortelefon: 458 77 276<\/td>\n<\/tr>\n<tr>\n<td style=\"width: 236px\"><em>Helsesykepleier 3.-4. trinn<\/em><\/td>\n<td style=\"width: 361px\">bente.vistnes.oven@randaberg.kommune.no<br \/>\nKontortelefon: 458 77 279<\/p>\n<p>Bestill time <a href=\"https:\/\/bestilling.randaberg.kommune.no\/helsesykepleier\/helsesykepleier-harestad-skole-3-4-klasse.682.aspx?reserve=true\" target=\"_blank\" rel=\"noopener noreferrer\">her<\/a>.<\/td>\n<\/tr>\n<tr>\n<td style=\"width: 236px\"><em>Helsesykepleier 5.-10. trinn<\/em><\/td>\n<td style=\"width: 361px\">kristin.gaulen@randaberg.kommune.no<br \/>\nKontortelefon: 45 87 72 72<\/td>\n<\/tr>\n<\/tbody>\n<\/table>\n<div id=\"_mcePaste\" style=\"width: 1px;height: 1px;overflow: hidden\">\n<table border=\"0\" rules=\"NONE\" cellspacing=\"0\">\n<tbody>\n<tr>\n<td align=\"CENTER\" width=\"145\" height=\"16\">mm,m,m,m,<\/td>\n<\/tr>\n<\/tbody>\n<\/table>\n<\/div>\n<p>Skolehelsetjenesten har som oppgave \u00e5 drive helsefremmende og forebyggende arbeid i skolen. Helsesykepleier har taushetsplikt. Aktuelle problemstillinger\/tema kan v\u00e6re:<\/p>\n<ul>\n<li>trivsel<\/li>\n<li>klassemilj\u00f8<\/li>\n<li>n\u00e5r eleven ikke vil eller gruer seg for \u00e5 g\u00e5 p\u00e5 skolen<\/li>\n<li>mobbing<\/li>\n<li>uro og konsentrasjonsproblemer<\/li>\n<li>grensesetting<\/li>\n<li>pubertet<\/li>\n<li>prevensjon<\/li>\n<li>syn, h\u00f8rsel, h\u00f8yde, vekt, s\u00f8vnvansker, trivsel, sengev\u00e6ting, hodepinge, magesmerter og andre &laquo;vonter&raquo;.<\/li>\n<\/ul>\n<p>I tillegg tilbyr skolehelsetjenesten et fast program p\u00e5 de ulike klassetrinnene som er fastsatt i <a href=\"http:\/\/www.regjeringen.no\/upload\/HOD\/Dokumenter%20FHA\/IS-1154_2619a.pdf\" target=\"_blank\" rel=\"noopener noreferrer\">Forskrift om kommunens helsefremmende og forebyggende arbeid i helsestasjonens- og skolehelsetjenesten (av 3. april 2003 nr. 450)<\/a>. <strong>Helsestasjon for ungdom mellom 13 &#8211; 20 \u00e5r.<\/strong> \u00c5pent mandager 14.00 &#8211; 16.30. Torvmyrveien 4. Tlf: 51414270 <em><strong>Velkommen til helsesykepleieren!<\/strong><\/em><\/p>\n","protected":false},"excerpt":{"rendered":"<p>Helsesykepleier er p\u00e5 Harestad skole til f\u00f8lgende tider: 1.-2. trinn Mandag 08:30 &#8211; 15:00 Tirsdag 08:30 &#8211; 15:00 3.-4. trinn Onsdag 08:30 &#8211; 15:00 Torsdag 08:30 &#8211; 15:00 5. &#8211; 10. trinn Mandag 08.30 &#8211; 15:00 Tirsdag 08:30 &#8211; 15:00 Onsdag 08:30 &#8211; 15:00 Torsdag 08:30 &#8211; 15:00 Noen mandager blir brukt til m\u00f8ter, s\u00e5 [&hellip;]<\/p>\n","protected":false},"author":117,"featured_media":0,"parent":0,"menu_order":0,"comment_status":"closed","ping_status":"closed","template":"","meta":{"footnotes":""},"class_list":["post-2017","page","type-page","status-publish","hentry"],"_links":{"self":[{"href":"https:\/\/www.randabergskolen.no\/harestad\/index.php?rest_route=\/wp\/v2\/pages\/2017","targetHints":{"allow":["GET"]}}],"collection":[{"href":"https:\/\/www.randabergskolen.no\/harestad\/index.php?rest_route=\/wp\/v2\/pages"}],"about":[{"href":"https:\/\/www.randabergskolen.no\/harestad\/index.php?rest_route=\/wp\/v2\/types\/page"}],"author":[{"embeddable":true,"href":"https:\/\/www.randabergskolen.no\/harestad\/index.php?rest_route=\/wp\/v2\/users\/117"}],"replies":[{"embeddable":true,"href":"https:\/\/www.randabergskolen.no\/harestad\/index.php?rest_route=%2Fwp%2Fv2%2Fcomments&post=2017"}],"version-history":[{"count":12,"href":"https:\/\/www.randabergskolen.no\/harestad\/index.php?rest_route=\/wp\/v2\/pages\/2017\/revisions"}],"predecessor-version":[{"id":17552,"href":"https:\/\/www.randabergskolen.no\/harestad\/index.php?rest_route=\/wp\/v2\/pages\/2017\/revisions\/17552"}],"wp:attachment":[{"href":"https:\/\/www.randabergskolen.no\/harestad\/index.php?rest_route=%2Fwp%2Fv2%2Fmedia&parent=2017"}],"curies":[{"name":"wp","href":"https:\/\/api.w.org\/{rel}","templated":true}]}}