{"id":8728,"date":"2014-01-15T12:08:33","date_gmt":"2014-01-15T11:08:33","guid":{"rendered":"http:\/\/www.goaskole.no\/?page_id=8728"},"modified":"2021-09-22T12:14:59","modified_gmt":"2021-09-22T10:14:59","slug":"skolehelsetjenesten-3","status":"publish","type":"page","link":"https:\/\/www.randabergskolen.no\/goa\/?page_id=8728","title":{"rendered":"Skolehelsetjenesten"},"content":{"rendered":"<p style=\"text-align: center\"><span style=\"color: #0000ff\"><strong>SKOLEHELSETJENESTEN<\/strong><\/span><\/p>\n<p style=\"text-align: left\">Helsesykepleier Anne Lise er p\u00e5 Goa skole til f\u00f8lgende tider:<\/p>\n<p style=\"text-align: left\"><strong>Tirsdag 08:30 &#8211; 14.00<\/strong><\/p>\n<p style=\"text-align: left\"><strong>Onsdag 08.30 &#8211; 14.00<\/strong><\/p>\n<p style=\"text-align: left\"><strong>Fredag 08.30 &#8211; 14.00<\/strong><\/p>\n<p style=\"text-align: left\">Timebestilling kan gj\u00f8res <a href=\"https:\/\/bestilling.randaberg.kommune.no\/helsesykepleier\/\">her.<\/a><\/p>\n<p style=\"text-align: left\">Infoside for foresatte: https:\/\/www.helsenorge.no\/hjelpetilbud-i-kommunene\/helsestasjonstjenester-pa-helsenorge.no\/<\/p>\n<p style=\"text-align: left\"><strong>For andre henvendelser:<\/strong><\/p>\n<p style=\"text-align: left\">telefon 45877273<\/p>\n<p style=\"text-align: left\"><a href=\"mailto:Anne.Lise.Henjesand@randaberg.kommune.no\">Anne.Lise.Henjesand@randaberg.kommune.no<\/a><\/p>\n<p style=\"text-align: left\">Skolehelsetjenesten har som oppgave \u00e5 drive helsefremmende og forebyggende arbeid i skolen. Helses\u00f8ster har taushetsplikt. Aktuelle problemstillinger kan v\u00e6re:<\/p>\n<ul style=\"text-align: center\">\n<li style=\"text-align: left\">trivsel<\/li>\n<li style=\"text-align: left\">klassemilj\u00f8<\/li>\n<li style=\"text-align: left\">n\u00e5r eleven ikke vil eller gruer seg til \u00e5 g\u00e5 p\u00e5 skolen<\/li>\n<li style=\"text-align: left\">mobbing<\/li>\n<li style=\"text-align: left\">uro og konsentrasjonsproblemer<\/li>\n<li style=\"text-align: left\">grensesetting<\/li>\n<li style=\"text-align: left\">pubertet<\/li>\n<li style=\"text-align: left\">prevensjon<\/li>\n<li style=\"text-align: left\">syn, h\u00f8rsel,h\u00f8yde, vekt, s\u00f8vnvansker, trivsel, sengev\u00e6ring, hodepine, magesmerter og andre &laquo;vondter&raquo;.<\/li>\n<\/ul>\n<p style=\"text-align: center\">I tillegg tilbyr skolehelsetjenesten et fast program p\u00e5 de ulike trinnene som er fastsatt i Forskrift om kommunens helsefremmende og forebyggende arbeid i helsestasjons- og skolehelsetjenesten.<\/p>\n<p style=\"text-align: center\"><strong>Helsestasjon for ungdom mellom 13 og 20 \u00e5r<\/strong><\/p>\n<p style=\"text-align: center\">\u00c5pent mandager 14.00 &#8211; 16.30<\/p>\n<p style=\"text-align: center\">Torvmyrveien 24, 2. etasje Randaberg Arena<\/p>\n<p style=\"text-align: center\">Telefon 51414270<\/p>\n<p>\u00a0<\/p>\n\n\n<figure class=\"wp-block-embed is-type-video is-provider-youtube wp-block-embed-youtube wp-embed-aspect-4-3 wp-has-aspect-ratio\"><div class=\"wp-block-embed__wrapper\">\n<iframe loading=\"lazy\" title=\"Digihelsestasjon - Film til ungdommen\" width=\"500\" height=\"375\" src=\"https:\/\/www.youtube.com\/embed\/PUHnLTzu4uQ?feature=oembed\" frameborder=\"0\" allow=\"accelerometer; autoplay; clipboard-write; encrypted-media; gyroscope; picture-in-picture; web-share\" referrerpolicy=\"strict-origin-when-cross-origin\" allowfullscreen><\/iframe>\n<\/div><\/figure>\n","protected":false},"excerpt":{"rendered":"<p>SKOLEHELSETJENESTEN Helsesykepleier Anne Lise er p\u00e5 Goa skole til f\u00f8lgende tider: Tirsdag 08:30 &#8211; 14.00 Onsdag 08.30 &#8211; 14.00 Fredag 08.30 &#8211; 14.00 Timebestilling kan gj\u00f8res her. Infoside for foresatte: https:\/\/www.helsenorge.no\/hjelpetilbud-i-kommunene\/helsestasjonstjenester-pa-helsenorge.no\/ For andre henvendelser: telefon 45877273 Anne.Lise.Henjesand@randaberg.kommune.no Skolehelsetjenesten har som oppgave \u00e5 drive helsefremmende og forebyggende arbeid i skolen. Helses\u00f8ster har taushetsplikt. Aktuelle problemstillinger kan [&hellip;]<\/p>\n","protected":false},"author":117,"featured_media":0,"parent":0,"menu_order":0,"comment_status":"closed","ping_status":"closed","template":"","meta":{"footnotes":""},"class_list":["post-8728","page","type-page","status-publish","hentry"],"_links":{"self":[{"href":"https:\/\/www.randabergskolen.no\/goa\/index.php?rest_route=\/wp\/v2\/pages\/8728","targetHints":{"allow":["GET"]}}],"collection":[{"href":"https:\/\/www.randabergskolen.no\/goa\/index.php?rest_route=\/wp\/v2\/pages"}],"about":[{"href":"https:\/\/www.randabergskolen.no\/goa\/index.php?rest_route=\/wp\/v2\/types\/page"}],"author":[{"embeddable":true,"href":"https:\/\/www.randabergskolen.no\/goa\/index.php?rest_route=\/wp\/v2\/users\/117"}],"replies":[{"embeddable":true,"href":"https:\/\/www.randabergskolen.no\/goa\/index.php?rest_route=%2Fwp%2Fv2%2Fcomments&post=8728"}],"version-history":[{"count":6,"href":"https:\/\/www.randabergskolen.no\/goa\/index.php?rest_route=\/wp\/v2\/pages\/8728\/revisions"}],"predecessor-version":[{"id":21752,"href":"https:\/\/www.randabergskolen.no\/goa\/index.php?rest_route=\/wp\/v2\/pages\/8728\/revisions\/21752"}],"wp:attachment":[{"href":"https:\/\/www.randabergskolen.no\/goa\/index.php?rest_route=%2Fwp%2Fv2%2Fmedia&parent=8728"}],"curies":[{"name":"wp","href":"https:\/\/api.w.org\/{rel}","templated":true}]}}